{"id":90,"date":"2019-03-07T21:37:36","date_gmt":"2019-03-07T21:37:36","guid":{"rendered":"https:\/\/www.ao-uzwil.ch\/?page_id=90"},"modified":"2021-10-06T13:32:56","modified_gmt":"2021-10-06T13:32:56","slug":"unterstuetzung","status":"publish","type":"page","link":"https:\/\/www.ao-uzwil.ch\/index.php\/unterstuetzung\/","title":{"rendered":"Unterst\u00fctzung"},"content":{"rendered":"\n<p>Als Kulturverein haben wir wenig M\u00f6glichkeit f\u00fcr Sponsoring, deshalb sind wir auf Unterst\u00fctzung aus der \u00d6ffentlichkeit angewiesen.<\/p>\n\n\n\n<div style=\"height:20px\" aria-hidden=\"true\" class=\"wp-block-spacer\"><\/div>\n\n\n\n<h3 class=\"wp-block-heading\"><strong>Wie k\u00f6nnen Sie das AOU unterst\u00fctzen?<\/strong><\/h3>\n\n\n\n<div style=\"height:20px\" aria-hidden=\"true\" class=\"wp-block-spacer\"><\/div>\n\n\n\n<h5 class=\"wp-block-heading\" id=\"cc-m-header-8973831075\">Passivmitglied<\/h5>\n\n\n\n<p>ab Fr. 20.- im Jahr.<\/p>\n\n\n\n<h5 class=\"wp-block-heading\" id=\"cc-m-header-8973831575\">G\u00f6nner<\/h5>\n\n\n\n<p>ab Fr. 50.- im Jahr.<\/p>\n\n\n\n<p>Zus\u00e4tzlich werden Sie in der G\u00f6nnerliste im Programm des Jahreskonzertes aufgef\u00fchrt.<\/p>\n\n\n\n<h5 class=\"wp-block-heading\" id=\"cc-m-header-8973832075\">Notenspende<\/h5>\n\n\n\n<p>ab Fr. 100.- im Jahr.<\/p>\n\n\n\n<p>Sie werden im Programm in der G\u00f6nnerliste und als Notenspender aufgef\u00fchrt.<\/p>\n\n\n\n<h5 class=\"wp-block-heading\" id=\"cc-m-header-8973833175\">Inserent<\/h5>\n\n\n\n<p>Im Programm zum Jahreskonzert haben Sie die M\u00f6glichkeit ein Inserat zu platzieren und uns auf diese Weise zu unterst\u00fctzen.<\/p>\n\n\n\n<hr class=\"wp-block-separator\"\/>\n\n\n\n<h3 class=\"wp-block-heading\">Sie m\u00f6chten uns unterst\u00fctzen?<\/h3>\n\n\n<div class=\"wpforms-container wpforms-container-full wpforms-block\" id=\"wpforms-129\"><form id=\"wpforms-form-129\" class=\"wpforms-validate wpforms-form\" data-formid=\"129\" method=\"post\" enctype=\"multipart\/form-data\" action=\"\/index.php\/wp-json\/wp\/v2\/pages\/90\" data-token=\"007b50cc7e3bd838dad71a178042d0d4\" data-token-time=\"1777470121\"><noscript class=\"wpforms-error-noscript\">Bitte aktivieren Sie JavaScript in Ihrem Browser, um dieses Formular fertigzustellen.<\/noscript><div class=\"wpforms-field-container\"><div id=\"wpforms-129-field_10-container\" class=\"wpforms-field wpforms-field-select wpforms-field-select-style-classic\" data-field-id=\"10\"><label class=\"wpforms-field-label\" for=\"wpforms-129-field_10\">Anrede<\/label><select id=\"wpforms-129-field_10\" class=\"wpforms-field-medium\" name=\"wpforms[fields][10]\"><option value=\"Herr\"  class=\"choice-1 depth-1\"  >Herr<\/option><option value=\"Frau\"  class=\"choice-2 depth-1\"  >Frau<\/option><option value=\"Familie\"  class=\"choice-3 depth-1\"  >Familie<\/option><\/select><\/div><div id=\"wpforms-129-field_1-container\" class=\"wpforms-field wpforms-field-name\" data-field-id=\"1\"><label class=\"wpforms-field-label\" for=\"wpforms-129-field_1\">Name <span class=\"wpforms-required-label\">*<\/span><\/label><input type=\"text\" id=\"wpforms-129-field_1\" class=\"wpforms-field-medium wpforms-field-required\" name=\"wpforms[fields][1]\" required><\/div><div id=\"wpforms-129-field_6-container\" class=\"wpforms-field wpforms-field-text\" data-field-id=\"6\"><label class=\"wpforms-field-label\" for=\"wpforms-129-field_6\">Strasse <span class=\"wpforms-required-label\">*<\/span><\/label><input type=\"text\" id=\"wpforms-129-field_6\" class=\"wpforms-field-medium wpforms-field-required\" name=\"wpforms[fields][6]\" required><\/div><div id=\"wpforms-129-field_7-container\" class=\"wpforms-field wpforms-field-text\" data-field-id=\"7\"><label class=\"wpforms-field-label\" for=\"wpforms-129-field_7\">PLZ <span class=\"wpforms-required-label\">*<\/span><\/label><input type=\"text\" id=\"wpforms-129-field_7\" class=\"wpforms-field-medium wpforms-field-required\" name=\"wpforms[fields][7]\" required><\/div><div id=\"wpforms-129-field_8-container\" class=\"wpforms-field wpforms-field-text\" data-field-id=\"8\"><label class=\"wpforms-field-label\" for=\"wpforms-129-field_8\">Wohnort <span class=\"wpforms-required-label\">*<\/span><\/label><input type=\"text\" id=\"wpforms-129-field_8\" class=\"wpforms-field-medium wpforms-field-required\" name=\"wpforms[fields][8]\" required><\/div><div id=\"wpforms-129-field_2-container\" class=\"wpforms-field wpforms-field-email\" data-field-id=\"2\"><label class=\"wpforms-field-label\" for=\"wpforms-129-field_2\">Email <span class=\"wpforms-required-label\">*<\/span><\/label><input type=\"email\" id=\"wpforms-129-field_2\" class=\"wpforms-field-medium wpforms-field-required\" name=\"wpforms[fields][2]\" spellcheck=\"false\" required><\/div><div id=\"wpforms-129-field_12-container\" class=\"wpforms-field wpforms-field-text\" data-field-id=\"12\"><label class=\"wpforms-field-label\" for=\"wpforms-129-field_12\">Telefon <span class=\"wpforms-required-label\">*<\/span><\/label><input type=\"text\" id=\"wpforms-129-field_12\" class=\"wpforms-field-medium wpforms-field-required\" name=\"wpforms[fields][12]\" required><\/div><div id=\"wpforms-129-field_9-container\" class=\"wpforms-field wpforms-field-select wpforms-field-select-style-classic\" data-field-id=\"9\"><label class=\"wpforms-field-label\" for=\"wpforms-129-field_9\">Ich m\u00f6chte das AOU folgendermassen unterst\u00fctzen <span class=\"wpforms-required-label\">*<\/span><\/label><select id=\"wpforms-129-field_9\" class=\"wpforms-field-medium wpforms-field-required\" name=\"wpforms[fields][9]\" required=\"required\"><option value=\"Passivmitglied\"  class=\"choice-1 depth-1\"  >Passivmitglied<\/option><option value=\"G\u00f6nner\"  class=\"choice-2 depth-1\"  >G\u00f6nner<\/option><option value=\"Notenspende\"  class=\"choice-3 depth-1\"  >Notenspende<\/option><option value=\"Tombolapreise\"  class=\"choice-5 depth-1\"  >Tombolapreise<\/option><option value=\"Inserent\"  class=\"choice-4 depth-1\"  >Inserent<\/option><option value=\"anderes\"  class=\"choice-6 depth-1\"  >anderes<\/option><\/select><\/div><div id=\"wpforms-129-field_11-container\" class=\"wpforms-field wpforms-field-textarea\" data-field-id=\"11\"><label class=\"wpforms-field-label\" for=\"wpforms-129-field_11\">Nachricht <span class=\"wpforms-required-label\">*<\/span><\/label><textarea id=\"wpforms-129-field_11\" class=\"wpforms-field-medium wpforms-field-required\" name=\"wpforms[fields][11]\" required><\/textarea><\/div><div id=\"wpforms-129-field_13-container\" class=\"wpforms-field wpforms-field-gdpr-checkbox\" data-field-id=\"13\"><label class=\"wpforms-field-label\">Datenschutz-Einverst\u00e4ndnis <span class=\"wpforms-required-label\">*<\/span><\/label><ul id=\"wpforms-129-field_13\" class=\"wpforms-field-required\"><li class=\"choice-1\"><input type=\"checkbox\" id=\"wpforms-129-field_13_1\" name=\"wpforms[fields][13][]\" value=\"Ich willige ein, dass diese Website meine \u00fcbermittelten Informationen speichert, sodass meine Anfrage beantwortet werden kann.\" required ><label class=\"wpforms-field-label-inline\" for=\"wpforms-129-field_13_1\">Ich willige ein, dass diese Website meine \u00fcbermittelten Informationen speichert, sodass meine Anfrage beantwortet werden kann.<\/label><\/li><\/ul><\/div><\/div><!-- .wpforms-field-container --><div class=\"wpforms-field wpforms-field-hp\"><label for=\"wpforms-129-field-hp\" class=\"wpforms-field-label\">Comment<\/label><input type=\"text\" name=\"wpforms[hp]\" id=\"wpforms-129-field-hp\" class=\"wpforms-field-medium\"><\/div><div class=\"wpforms-recaptcha-container wpforms-is-recaptcha wpforms-is-recaptcha-type-invisible\" ><div class=\"g-recaptcha\" data-sitekey=\"6Lct36MUAAAAAAIfN2LYtwAPCbUiwqyph5BuGx-p\" data-size=\"invisible\"><\/div><\/div><div class=\"wpforms-submit-container\" ><input type=\"hidden\" name=\"wpforms[id]\" value=\"129\"><input type=\"hidden\" name=\"page_title\" value=\"\"><input type=\"hidden\" name=\"page_url\" value=\"https:\/\/www.ao-uzwil.ch\/index.php\/wp-json\/wp\/v2\/pages\/90\"><input type=\"hidden\" name=\"url_referer\" value=\"\"><button type=\"submit\" name=\"wpforms[submit]\" id=\"wpforms-submit-129\" class=\"wpforms-submit\" data-alt-text=\"senden...\" data-submit-text=\"Senden\" aria-live=\"assertive\" value=\"wpforms-submit\">Senden<\/button><\/div><\/form><\/div>  <!-- .wpforms-container -->","protected":false},"excerpt":{"rendered":"<p>Als Kulturverein haben wir wenig M\u00f6glichkeit f\u00fcr Sponsoring, deshalb sind wir auf Unterst\u00fctzung aus der \u00d6ffentlichkeit angewiesen. Wie k\u00f6nnen Sie das AOU unterst\u00fctzen? Passivmitglied ab Fr. 20.- im Jahr. G\u00f6nner &#8230;<\/p>\n","protected":false},"author":2,"featured_media":0,"parent":0,"menu_order":0,"comment_status":"closed","ping_status":"closed","template":"","meta":[],"_links":{"self":[{"href":"https:\/\/www.ao-uzwil.ch\/index.php\/wp-json\/wp\/v2\/pages\/90"}],"collection":[{"href":"https:\/\/www.ao-uzwil.ch\/index.php\/wp-json\/wp\/v2\/pages"}],"about":[{"href":"https:\/\/www.ao-uzwil.ch\/index.php\/wp-json\/wp\/v2\/types\/page"}],"author":[{"embeddable":true,"href":"https:\/\/www.ao-uzwil.ch\/index.php\/wp-json\/wp\/v2\/users\/2"}],"replies":[{"embeddable":true,"href":"https:\/\/www.ao-uzwil.ch\/index.php\/wp-json\/wp\/v2\/comments?post=90"}],"version-history":[{"count":11,"href":"https:\/\/www.ao-uzwil.ch\/index.php\/wp-json\/wp\/v2\/pages\/90\/revisions"}],"predecessor-version":[{"id":495,"href":"https:\/\/www.ao-uzwil.ch\/index.php\/wp-json\/wp\/v2\/pages\/90\/revisions\/495"}],"wp:attachment":[{"href":"https:\/\/www.ao-uzwil.ch\/index.php\/wp-json\/wp\/v2\/media?parent=90"}],"curies":[{"name":"wp","href":"https:\/\/api.w.org\/{rel}","templated":true}]}}